{"id":4019,"date":"2025-08-04T10:06:47","date_gmt":"2025-08-04T10:06:47","guid":{"rendered":"https:\/\/awenvis.com\/visualisations-3d-dans-la-publicite-est-il-utile-de-les-utiliser-sur-les-reseaux-sociaux\/"},"modified":"2025-08-16T20:04:47","modified_gmt":"2025-08-16T20:04:47","slug":"visualisations-3d-dans-la-publicite-est-il-utile-de-les-utiliser-sur-les-reseaux-sociaux","status":"publish","type":"page","link":"https:\/\/awenvis.com\/fr\/visualisations-3d-dans-la-publicite-est-il-utile-de-les-utiliser-sur-les-reseaux-sociaux\/","title":{"rendered":"Visualisations 3D dans la publicit\u00e9 : est-il utile de les utiliser sur les r\u00e9seaux sociaux ?"},"content":{"rendered":"\n<div class=\"wp-block-group alignfull has-background\" style=\"background-color:#414141\"><div class=\"wp-block-group__inner-container is-layout-constrained wp-block-group-is-layout-constrained\">\n<div class=\"wp-block-columns alignfull are-vertically-aligned-center why-Awenvis full-block padd-100 has-background is-layout-flex wp-container-core-columns-is-layout-9d6595d7 wp-block-columns-is-layout-flex\" style=\"background-color:#262626\">\n<div class=\"wp-block-column is-vertically-aligned-center is-layout-flow wp-block-column-is-layout-flow\">\n<figure class=\"wp-block-video\"><video height=\"594\" style=\"aspect-ratio: 1054 \/ 594;\" width=\"1054\" controls=\"\" src=\"https:\/\/awenvis.com\/wp-content\/uploads\/2025\/08\/file-4-1.mp4\"><\/video><\/figure>\n<\/div>\n\n\n\n<div class=\"wp-block-column is-vertically-aligned-center is-layout-flow wp-block-column-is-layout-flow\">\n<h1 class=\"wp-block-heading has-large-font-size\">\ud83d\udcf2 Publicit\u00e9 sur les r\u00e9seaux sociaux et visualisations et animations 3D : pourquoi vaut-il la peine de les combiner ?<\/h1>\n\n\n\n<p>De nos jours, une simple pr\u00e9sence sur les r\u00e9seaux sociaux ne suffit plus. La publicit\u00e9 sur Facebook, Instagram, TikTok et LinkedIn est domin\u00e9e par du contenu vid\u00e9o dynamique et des graphismes percutants. C&rsquo;est pourquoi les entreprises qui cherchent \u00e0 se d\u00e9marquer investissent de plus en plus dans les visualisations et animations 3D, qui compl\u00e8tent parfaitement les strat\u00e9gies marketing modernes.<br\/>D\u00e9couvrez pourquoi combiner les r\u00e9seaux sociaux et les graphismes 3D produit des r\u00e9sultats concrets et comment les exploiter au sein de votre secteur.  <\/p>\n\n\n\n<div class=\"wp-block-essential-blocks-social root-eb-social-links-4hd36\"><div class=\"eb-parent-wrapper eb-parent-eb-social-links-4hd36 \"><div class=\"eb-social-links-4hd36 eb-social-links-wrapper\"><ul class=\"eb-socials\"><li><a class=\"facebook-f-original \" href=\"https:\/\/www.facebook.com\/Awenvis\/\" target=\"_self\" rel=\"noopener\" aria-label=\"social link\"><i class=\"hvr-icon eb-social-icon fab fa-facebook-f\"><\/i><\/a><\/li><li><a class=\"instagram-original \" href=\"https:\/\/www.instagram.com\/awenvis\/\" target=\"_self\" rel=\"noopener\" aria-label=\"social link\"><i class=\"hvr-icon eb-social-icon fab fa-instagram\"><\/i><\/a><\/li><li><a class=\"linkedin-in-original \" href=\"https:\/\/www.linkedin.com\/in\/pawelzdankiewicz\/\" target=\"_self\" rel=\"noopener\" aria-label=\"social link\"><i class=\"hvr-icon eb-social-icon fab fa-linkedin-in\"><\/i><\/a><\/li><\/ul><\/div><\/div><\/div>\n<\/div>\n<\/div>\n<\/div><\/div>\n\n<div class=\"wp-block-group alignfull padd-100 has-background\" style=\"background-color:#3c3c3c;padding-top:var(--wp--preset--spacing--60);padding-right:0;padding-bottom:var(--wp--preset--spacing--60);padding-left:0\"><div class=\"wp-block-group__inner-container is-layout-constrained wp-container-core-group-is-layout-c4900166 wp-block-group-is-layout-constrained\">\n<div class=\"wp-block-columns alignwide section-top has-background is-layout-flex wp-container-core-columns-is-layout-9d6595d7 wp-block-columns-is-layout-flex\" style=\"background-color:#262626\">\n<div class=\"wp-block-column padd-100 is-layout-flow wp-block-column-is-layout-flow\">\n<h2 class=\"wp-block-heading\">\ud83c\udfaf 1. Le contenu visuel a une plus grande port\u00e9e et un plus grand engagement <\/h2>\n\n\n\n<p>Selon les donn\u00e9es de Meta et TikTok, les contenus vid\u00e9o et les images de synth\u00e8se (CGI) g\u00e9n\u00e8rent des taux de clics plusieurs fois sup\u00e9rieurs \u00e0 ceux des photos standard.<br\/>Une visualisation 3D d&rsquo;un b\u00e2timent ou d&rsquo;un produit attire imm\u00e9diatement le regard, surtout lorsqu&rsquo;elle est r\u00e9aliste et dynamique.<\/p>\n\n\n\n<p>Animations 3D dans les m\u00e9dias sociaux :<\/p>\n\n\n\n<ul class=\"wp-block-list\">\n<li>attirer l\u2019attention dans les 3 premi\u00e8res secondes (crucial pour l\u2019algorithme),<\/li>\n\n\n\n<li>sont facilement compr\u00e9hensibles sans son (gr\u00e2ce \u00e0 l&rsquo;animation et aux sous-titres),<\/li>\n\n\n\n<li>augmenter la notori\u00e9t\u00e9 de la marque.<\/li>\n<\/ul>\n\n\n\n<h3 class=\"wp-block-heading\">\ud83c\udfd7\ufe0f 2. Parfait pour les secteurs de l\u2019immobilier et de l\u2019architecture <\/h3>\n\n\n\n<p>Les promoteurs immobiliers et les architectes peuvent utiliser les m\u00e9dias sociaux pour :<\/p>\n\n\n\n<ul class=\"wp-block-list\">\n<li>Solution de vente interactive 3D pour les promoteurs immobiliers<\/li>\n\n\n\n<li>publier des visualisations d&rsquo;int\u00e9rieurs et de b\u00e2timents,<\/li>\n\n\n\n<li>montrer le processus de cr\u00e9ation d&rsquo;investissement,<\/li>\n\n\n\n<li>\u00e9duquer les clients, par exemple, au moyen d&rsquo;animations technologiques ou d&rsquo;am\u00e9nagements d&rsquo;appartements.<\/li>\n<\/ul>\n\n\n\n<p>Une animation 3D bien pr\u00e9par\u00e9e avec des arbres qui bougent dans le vent, des voitures qui passent ou des gens qui se prom\u00e8nent dans un quartier est un spot publicitaire pr\u00eat \u00e0 l&#8217;emploi, qui fonctionne sans avoir besoin d&rsquo;enregistrer une vid\u00e9o.<\/p>\n\n\n\n<h3 class=\"wp-block-heading\">\ud83d\uded2 3. E-commerce \u2013 La 3D se vend mieux que les photos <\/h3>\n\n\n\n<p>Dans le secteur du commerce \u00e9lectronique, les \u00e9l\u00e9ments suivants sont de plus en plus utilis\u00e9s :<\/p>\n\n\n\n<ul class=\"wp-block-list\">\n<li>Visualisation 3D des produits,<\/li>\n\n\n\n<li>pr\u00e9sentations interactives et configurateurs,<\/li>\n\n\n\n<li>animations montrant des fonctions ou un assemblage.<\/li>\n<\/ul>\n\n\n\n<p>Cela fonctionne \u00e0 merveille sur les r\u00e9seaux sociaux : les animations 3D courtes et en boucle sont parfaites pour les publicit\u00e9s de produits, les stories Instagram, les bobines et TikTok.<\/p>\n\n\n\n<h3 class=\"wp-block-heading\">\ud83d\udcc8 4. CTR plus \u00e9lev\u00e9 et meilleur ROAS <\/h3>\n\n\n\n<ul class=\"wp-block-list\">\n<li>Les publicit\u00e9s avec des graphiques 3D permettent souvent :<\/li>\n\n\n\n<li>CTR (taux de clics) plus \u00e9lev\u00e9,<\/li>\n\n\n\n<li>CPC (co\u00fbt par clic) inf\u00e9rieur,<\/li>\n\n\n\n<li>meilleur ROAS (retour sur investissement publicitaire).<\/li>\n\n\n\n<li>Pourquoi ? Parce qu&rsquo;elles sont modernes, professionnelles et suscitent la curiosit\u00e9. M\u00eame une simple animation d&rsquo;un produit en mouvement a plus d&rsquo;impact sur les d\u00e9cisions d&rsquo;achat qu&rsquo;une photo statique.  <\/li>\n<\/ul>\n\n\n\n<h3 class=\"wp-block-heading\">\ud83d\udd27 5. Modifications rapides et versions multiples <\/h3>\n\n\n\n<p>Contrairement \u00e0 un film classique, les animations et visualisations 3D peuvent \u00eatre facilement mises \u00e0 jour et modifi\u00e9es, par exemple en ajoutant une nouvelle couleur de produit, en changeant le plan d&rsquo;un lotissement ou en pr\u00e9parant une version avec un texte diff\u00e9rent.<\/p>\n\n\n\n<p>Cela facilite la cr\u00e9ation de :<\/p>\n\n\n\n<ul class=\"wp-block-list\">\n<li>Versions de campagne A\/B,<\/li>\n\n\n\n<li>contenu personnalis\u00e9 pour diff\u00e9rents groupes cibles,<\/li>\n\n\n\n<li>publicit\u00e9s adapt\u00e9es \u00e0 diff\u00e9rentes plateformes (par exemple horizontales, verticales, carr\u00e9es).<\/li>\n<\/ul>\n\n\n\n<h3 class=\"wp-block-heading\">\ud83c\udfa5 Exemples d\u2019applications :<\/h3>\n\n\n\n<ul class=\"wp-block-list\">\n<li>\u2728 Stories Instagram : animation d&rsquo;un b\u00e2timent au cr\u00e9puscule, fen\u00eatres illumin\u00e9es, arbres en mouvement.<\/li>\n\n\n\n<li>\ud83c\udfe1 Facebook Ads : pr\u00e9sentation d&rsquo;appartements avec des transitions douces entre les int\u00e9rieurs.<\/li>\n\n\n\n<li>\ud83d\udecd\ufe0f TikTok : Une courte animation 3D d&rsquo;un produit avec des pi\u00e8ces et une explication de son fonctionnement.<\/li>\n\n\n\n<li>\ud83e\uddf1 LinkedIn : Animation professionnelle du processus ou de la technologie de construction.<\/li>\n<\/ul>\n\n\n\n<h3 class=\"wp-block-heading\">\u2705 R\u00e9sum\u00e9 \u2013 est-ce que \u00e7a vaut le coup ?<\/h3>\n\n\n\n<p>Absolument. Les visualisations et animations 3D sont l\u2019avenir de la publicit\u00e9 sur les r\u00e9seaux sociaux, non seulement parce qu\u2019elles sont esth\u00e9tiques, mais aussi parce qu\u2019elles fonctionnent. <\/p>\n\n\n\n<p>Si tu veux:<\/p>\n\n\n\n<ul class=\"wp-block-list\">\n<li>attirer l&rsquo;attention,<\/li>\n\n\n\n<li>se d\u00e9marquer dans le flot de contenus similaires,<\/li>\n\n\n\n<li>et augmentez l\u2019efficacit\u00e9 de vos annonces\u2026<\/li>\n<\/ul>\n\n\n\n<h3 class=\"wp-block-heading\">\u2026puis investissez dans des graphismes et des animations 3D professionnels qui correspondent \u00e0 votre marque<\/h3>\n\n\n\n<h3 class=\"wp-block-heading\">\ud83d\udd39 Vous souhaitez pr\u00e9parer une campagne avec animation 3D ou visualisation immobili\u00e8re ?<br\/>Nous vous aiderons \u00e0 cr\u00e9er une publicit\u00e9 moderne et efficace qui attire et vend.<\/h3>\n<\/div>\n<\/div>\n<\/div><\/div>\n","protected":false},"excerpt":{"rendered":"<p>\ud83d\udcf2 Publicit\u00e9 sur les r\u00e9seaux sociaux et visualisations et animations 3D : pourquoi vaut-il la peine de les combiner ? De nos jours, une simple pr\u00e9sence sur les r\u00e9seaux sociaux ne suffit plus. La publicit\u00e9 sur Facebook, Instagram, TikTok et LinkedIn est domin\u00e9e par du contenu vid\u00e9o dynamique et des graphismes percutants. C&rsquo;est pourquoi les&hellip; <a class=\"more-link\" href=\"https:\/\/awenvis.com\/fr\/visualisations-3d-dans-la-publicite-est-il-utile-de-les-utiliser-sur-les-reseaux-sociaux\/\">Poursuivre la lecture <span class=\"screen-reader-text\">Visualisations 3D dans la publicit\u00e9 : est-il utile de les utiliser sur les r\u00e9seaux sociaux ?<\/span><\/a><\/p>\n","protected":false},"author":1,"featured_media":0,"parent":0,"menu_order":0,"comment_status":"closed","ping_status":"closed","template":"","meta":{"_eb_attr":"","pagelayer_contact_templates":[],"_pagelayer_content":"","footnotes":""},"class_list":["post-4019","page","type-page","status-publish","hentry","entry"],"rankMath":{"parentDomain":"awenvis.com","noFollowDomains":[],"noFollowExcludeDomains":[],"noFollowExternalLinks":false,"featuredImageNotice":"L\u2019image en vedette devrait \u00eatre au moins 200 par 200 pixels pour \u00eatre utilis\u00e9 par Facebook et d\u2019autres sites de m\u00e9dias sociaux.","pluginReviewed":false,"postSettings":{"linkSuggestions":true,"useFocusKeyword":false},"frontEndScore":false,"postName":"visualisations-3d-dans-la-publicite-est-il-utile-de-les-utiliser-sur-les-reseaux-sociaux","permalinkFormat":"https:\/\/awenvis.com\/fr\/%pagename%\/","showLockModifiedDate":true,"assessor":{"focusKeywordLink":"https:\/\/awenvis.com\/wp-admin\/edit.php?focus_keyword=%focus_keyword%&post_type=%post_type%","hasTOCPlugin":false,"primaryTaxonomy":false,"serpData":{"title":"","description":"Visualisations 3D dans la publicit\u00e9 : comment les mod\u00e8les interactifs et la r\u00e9alit\u00e9 augment\u00e9e augmentent l'engagement, am\u00e9liorent les conversions et permettent \u00e0 votre marque de se d\u00e9marquer sur les r\u00e9seaux sociaux.","focusKeywords":"","pillarContent":false,"canonicalUrl":"","breadcrumbTitle":"","advancedRobots":{"max-snippet":"-1","max-video-preview":"-1","max-image-preview":"large"},"facebookTitle":"","facebookDescription":"","facebookImage":"","facebookImageID":"","facebookHasOverlay":false,"facebookImageOverlay":"","facebookAuthor":"","twitterCardType":"","twitterUseFacebook":true,"twitterTitle":"","twitterDescription":"","twitterImage":"","twitterImageID":"","twitterHasOverlay":false,"twitterImageOverlay":"","twitterPlayerUrl":"","twitterPlayerSize":"","twitterPlayerStream":"","twitterPlayerStreamCtype":"","twitterAppDescription":"","twitterAppIphoneName":"","twitterAppIphoneID":"","twitterAppIphoneUrl":"","twitterAppIpadName":"","twitterAppIpadID":"","twitterAppIpadUrl":"","twitterAppGoogleplayName":"","twitterAppGoogleplayID":"","twitterAppGoogleplayUrl":"","twitterAppCountry":"","robots":{"index":true},"twitterAuthor":"identifiant","primaryTerm":0,"authorName":"admin","titleTemplate":"%title%","descriptionTemplate":"%excerpt%","showScoreFrontend":true,"lockModifiedDate":false},"powerWords":["absolument","amazement","astonishing","authentique","beau","bien-\u00eatre","brillant","captivant","charismatique","choc","clair","compl\u00e8tement","confidentiel","confiance","cons\u00e9quent","cr\u00e9atif","d\u00e9finitivement","d\u00e9licieux","d\u00e9montrer","d\u00e9p\u00eachez-vous","d\u00e9termin\u00e9","digne","dynamique","\u00e9blouissant","\u00e9clatant","\u00e9conomique","\u00e9fficace","\u00e9l\u00e9gant","\u00e9motionnel","\u00e9nergique","\u00e9norme","\u00e9poustouflant","essentiel","\u00e9tonnant","exclusif","exp\u00e9rience","fabuleux","fantastique","formidable","fort","garanti","g\u00e9ant","g\u00e9n\u00e9reux","grandiose","gratuit","habile","harmonieux","historique","hors pair","important","incroyable","indispensable","inoubliable","inspirant","innovant","intense","invention","irr\u00e9sistible","l\u00e9gendaire","lumineux","luxe","magique","magnifique","majestueux","marquant","merveilleux","miraculeux","motivant","n\u00e9cessaire","nouvelle","officiel","parfait","passionn\u00e9","persuasif","ph\u00e9nom\u00e9nal","plaisir","populaire","pouvoir","prestigieux","prodigieux","profond","prosp\u00e8re","puissant","qualit\u00e9","radieux","rapide","r\u00e9ussi","r\u00e9volutionnaire","satisfait","s\u00e9curit\u00e9","sensationnel","serein","somptueux","splendide","sublime","surprenant","talentueux","terrifiant","unique","valeur","vibrant","victorieux","vif","vraiment","z\u00e9l\u00e9"],"diacritics":{"A":"[\\u0041\\u24B6\\uFF21\\u00C0\\u00C1\\u00C2\\u1EA6\\u1EA4\\u1EAA\\u1EA8\\u00C3\\u0100\\u0102\\u1EB0\\u1EAE\\u1EB4\\u1EB2\\u0226\\u01E0\\u00C4\\u01DE\\u1EA2\\u00C5\\u01FA\\u01CD\\u0200\\u0202\\u1EA0\\u1EAC\\u1EB6\\u1E00\\u0104\\u023A\\u2C6F]","AA":"[\\uA732]","AE":"[\\u00C6\\u01FC\\u01E2]","AO":"[\\uA734]","AU":"[\\uA736]","AV":"[\\uA738\\uA73A]","AY":"[\\uA73C]","B":"[\\u0042\\u24B7\\uFF22\\u1E02\\u1E04\\u1E06\\u0243\\u0182\\u0181]","C":"[\\u0043\\u24B8\\uFF23\\u0106\\u0108\\u010A\\u010C\\u00C7\\u1E08\\u0187\\u023B\\uA73E]","D":"[\\u0044\\u24B9\\uFF24\\u1E0A\\u010E\\u1E0C\\u1E10\\u1E12\\u1E0E\\u0110\\u018B\\u018A\\u0189\\uA779]","DZ":"[\\u01F1\\u01C4]","Dz":"[\\u01F2\\u01C5]","E":"[\\u0045\\u24BA\\uFF25\\u00C8\\u00C9\\u00CA\\u1EC0\\u1EBE\\u1EC4\\u1EC2\\u1EBC\\u0112\\u1E14\\u1E16\\u0114\\u0116\\u00CB\\u1EBA\\u011A\\u0204\\u0206\\u1EB8\\u1EC6\\u0228\\u1E1C\\u0118\\u1E18\\u1E1A\\u0190\\u018E]","F":"[\\u0046\\u24BB\\uFF26\\u1E1E\\u0191\\uA77B]","G":"[\\u0047\\u24BC\\uFF27\\u01F4\\u011C\\u1E20\\u011E\\u0120\\u01E6\\u0122\\u01E4\\u0193\\uA7A0\\uA77D\\uA77E]","H":"[\\u0048\\u24BD\\uFF28\\u0124\\u1E22\\u1E26\\u021E\\u1E24\\u1E28\\u1E2A\\u0126\\u2C67\\u2C75\\uA78D]","I":"[\\u0049\\u24BE\\uFF29\\u00CC\\u00CD\\u00CE\\u0128\\u012A\\u012C\\u0130\\u00CF\\u1E2E\\u1EC8\\u01CF\\u0208\\u020A\\u1ECA\\u012E\\u1E2C\\u0197]","J":"[\\u004A\\u24BF\\uFF2A\\u0134\\u0248]","K":"[\\u004B\\u24C0\\uFF2B\\u1E30\\u01E8\\u1E32\\u0136\\u1E34\\u0198\\u2C69\\uA740\\uA742\\uA744\\uA7A2]","L":"[\\u004C\\u24C1\\uFF2C\\u013F\\u0139\\u013D\\u1E36\\u1E38\\u013B\\u1E3C\\u1E3A\\u0141\\u023D\\u2C62\\u2C60\\uA748\\uA746\\uA780]","LJ":"[\\u01C7]","Lj":"[\\u01C8]","M":"[\\u004D\\u24C2\\uFF2D\\u1E3E\\u1E40\\u1E42\\u2C6E\\u019C]","N":"[\\u004E\\u24C3\\uFF2E\\u01F8\\u0143\\u00D1\\u1E44\\u0147\\u1E46\\u0145\\u1E4A\\u1E48\\u0220\\u019D\\uA790\\uA7A4]","NJ":"[\\u01CA]","Nj":"[\\u01CB]","O":"[\\u004F\\u24C4\\uFF2F\\u00D2\\u00D3\\u00D4\\u1ED2\\u1ED0\\u1ED6\\u1ED4\\u00D5\\u1E4C\\u022C\\u1E4E\\u014C\\u1E50\\u1E52\\u014E\\u022E\\u0230\\u00D6\\u022A\\u1ECE\\u0150\\u01D1\\u020C\\u020E\\u01A0\\u1EDC\\u1EDA\\u1EE0\\u1EDE\\u1EE2\\u1ECC\\u1ED8\\u01EA\\u01EC\\u00D8\\u01FE\\u0186\\u019F\\uA74A\\uA74C]","OI":"[\\u01A2]","OO":"[\\uA74E]","OU":"[\\u0222]","P":"[\\u0050\\u24C5\\uFF30\\u1E54\\u1E56\\u01A4\\u2C63\\uA750\\uA752\\uA754]","Q":"[\\u0051\\u24C6\\uFF31\\uA756\\uA758\\u024A]","R":"[\\u0052\\u24C7\\uFF32\\u0154\\u1E58\\u0158\\u0210\\u0212\\u1E5A\\u1E5C\\u0156\\u1E5E\\u024C\\u2C64\\uA75A\\uA7A6\\uA782]","S":"[\\u0053\\u24C8\\uFF33\\u1E9E\\u015A\\u1E64\\u015C\\u1E60\\u0160\\u1E66\\u1E62\\u1E68\\u0218\\u015E\\u2C7E\\uA7A8\\uA784]","T":"[\\u0054\\u24C9\\uFF34\\u1E6A\\u0164\\u1E6C\\u021A\\u0162\\u1E70\\u1E6E\\u0166\\u01AC\\u01AE\\u023E\\uA786]","TZ":"[\\uA728]","U":"[\\u0055\\u24CA\\uFF35\\u00D9\\u00DA\\u00DB\\u0168\\u1E78\\u016A\\u1E7A\\u016C\\u00DC\\u01DB\\u01D7\\u01D5\\u01D9\\u1EE6\\u016E\\u0170\\u01D3\\u0214\\u0216\\u01AF\\u1EEA\\u1EE8\\u1EEE\\u1EEC\\u1EF0\\u1EE4\\u1E72\\u0172\\u1E76\\u1E74\\u0244]","V":"[\\u0056\\u24CB\\uFF36\\u1E7C\\u1E7E\\u01B2\\uA75E\\u0245]","VY":"[\\uA760]","W":"[\\u0057\\u24CC\\uFF37\\u1E80\\u1E82\\u0174\\u1E86\\u1E84\\u1E88\\u2C72]","X":"[\\u0058\\u24CD\\uFF38\\u1E8A\\u1E8C]","Y":"[\\u0059\\u24CE\\uFF39\\u1EF2\\u00DD\\u0176\\u1EF8\\u0232\\u1E8E\\u0178\\u1EF6\\u1EF4\\u01B3\\u024E\\u1EFE]","Z":"[\\u005A\\u24CF\\uFF3A\\u0179\\u1E90\\u017B\\u017D\\u1E92\\u1E94\\u01B5\\u0224\\u2C7F\\u2C6B\\uA762]","a":"[\\u0061\\u24D0\\uFF41\\u1E9A\\u00E0\\u00E1\\u00E2\\u1EA7\\u1EA5\\u1EAB\\u1EA9\\u00E3\\u0101\\u0103\\u1EB1\\u1EAF\\u1EB5\\u1EB3\\u0227\\u01E1\\u00E4\\u01DF\\u1EA3\\u00E5\\u01FB\\u01CE\\u0201\\u0203\\u1EA1\\u1EAD\\u1EB7\\u1E01\\u0105\\u2C65\\u0250]","aa":"[\\uA733]","ae":"[\\u00E6\\u01FD\\u01E3]","ao":"[\\uA735]","au":"[\\uA737]","av":"[\\uA739\\uA73B]","ay":"[\\uA73D]","b":"[\\u0062\\u24D1\\uFF42\\u1E03\\u1E05\\u1E07\\u0180\\u0183\\u0253]","c":"[\\u0063\\u24D2\\uFF43\\u0107\\u0109\\u010B\\u010D\\u00E7\\u1E09\\u0188\\u023C\\uA73F\\u2184]","d":"[\\u0064\\u24D3\\uFF44\\u1E0B\\u010F\\u1E0D\\u1E11\\u1E13\\u1E0F\\u0111\\u018C\\u0256\\u0257\\uA77A]","dz":"[\\u01F3\\u01C6]","e":"[\\u0065\\u24D4\\uFF45\\u00E8\\u00E9\\u00EA\\u1EC1\\u1EBF\\u1EC5\\u1EC3\\u1EBD\\u0113\\u1E15\\u1E17\\u0115\\u0117\\u00EB\\u1EBB\\u011B\\u0205\\u0207\\u1EB9\\u1EC7\\u0229\\u1E1D\\u0119\\u1E19\\u1E1B\\u0247\\u025B\\u01DD]","f":"[\\u0066\\u24D5\\uFF46\\u1E1F\\u0192\\uA77C]","g":"[\\u0067\\u24D6\\uFF47\\u01F5\\u011D\\u1E21\\u011F\\u0121\\u01E7\\u0123\\u01E5\\u0260\\uA7A1\\u1D79\\uA77F]","h":"[\\u0068\\u24D7\\uFF48\\u0125\\u1E23\\u1E27\\u021F\\u1E25\\u1E29\\u1E2B\\u1E96\\u0127\\u2C68\\u2C76\\u0265]","hv":"[\\u0195]","i":"[\\u0069\\u24D8\\uFF49\\u00EC\\u00ED\\u00EE\\u0129\\u012B\\u012D\\u00EF\\u1E2F\\u1EC9\\u01D0\\u0209\\u020B\\u1ECB\\u012F\\u1E2D\\u0268\\u0131]","j":"[\\u006A\\u24D9\\uFF4A\\u0135\\u01F0\\u0249]","k":"[\\u006B\\u24DA\\uFF4B\\u1E31\\u01E9\\u1E33\\u0137\\u1E35\\u0199\\u2C6A\\uA741\\uA743\\uA745\\uA7A3]","l":"[\\u006C\\u24DB\\uFF4C\\u0140\\u013A\\u013E\\u1E37\\u1E39\\u013C\\u1E3D\\u1E3B\\u017F\\u0142\\u019A\\u026B\\u2C61\\uA749\\uA781\\uA747]","lj":"[\\u01C9]","m":"[\\u006D\\u24DC\\uFF4D\\u1E3F\\u1E41\\u1E43\\u0271\\u026F]","n":"[\\u006E\\u24DD\\uFF4E\\u01F9\\u0144\\u00F1\\u1E45\\u0148\\u1E47\\u0146\\u1E4B\\u1E49\\u019E\\u0272\\u0149\\uA791\\uA7A5]","nj":"[\\u01CC]","o":"[\\u006F\\u24DE\\uFF4F\\u00F2\\u00F3\\u00F4\\u1ED3\\u1ED1\\u1ED7\\u1ED5\\u00F5\\u1E4D\\u022D\\u1E4F\\u014D\\u1E51\\u1E53\\u014F\\u022F\\u0231\\u00F6\\u022B\\u1ECF\\u0151\\u01D2\\u020D\\u020F\\u01A1\\u1EDD\\u1EDB\\u1EE1\\u1EDF\\u1EE3\\u1ECD\\u1ED9\\u01EB\\u01ED\\u00F8\\u01FF\\u0254\\uA74B\\uA74D\\u0275]","oi":"[\\u01A3]","ou":"[\\u0223]","oo":"[\\uA74F]","p":"[\\u0070\\u24DF\\uFF50\\u1E55\\u1E57\\u01A5\\u1D7D\\uA751\\uA753\\uA755]","q":"[\\u0071\\u24E0\\uFF51\\u024B\\uA757\\uA759]","r":"[\\u0072\\u24E1\\uFF52\\u0155\\u1E59\\u0159\\u0211\\u0213\\u1E5B\\u1E5D\\u0157\\u1E5F\\u024D\\u027D\\uA75B\\uA7A7\\uA783]","s":"[\\u0073\\u24E2\\uFF53\\u015B\\u1E65\\u015D\\u1E61\\u0161\\u1E67\\u1E63\\u1E69\\u0219\\u015F\\u023F\\uA7A9\\uA785\\u1E9B]","ss":"[\\u00DF]","t":"[\\u0074\\u24E3\\uFF54\\u1E6B\\u1E97\\u0165\\u1E6D\\u021B\\u0163\\u1E71\\u1E6F\\u0167\\u01AD\\u0288\\u2C66\\uA787]","tz":"[\\uA729]","u":"[\\u0075\\u24E4\\uFF55\\u00F9\\u00FA\\u00FB\\u0169\\u1E79\\u016B\\u1E7B\\u016D\\u00FC\\u01DC\\u01D8\\u01D6\\u01DA\\u1EE7\\u016F\\u0171\\u01D4\\u0215\\u0217\\u01B0\\u1EEB\\u1EE9\\u1EEF\\u1EED\\u1EF1\\u1EE5\\u1E73\\u0173\\u1E77\\u1E75\\u0289]","v":"[\\u0076\\u24E5\\uFF56\\u1E7D\\u1E7F\\u028B\\uA75F\\u028C]","vy":"[\\uA761]","w":"[\\u0077\\u24E6\\uFF57\\u1E81\\u1E83\\u0175\\u1E87\\u1E85\\u1E98\\u1E89\\u2C73]","x":"[\\u0078\\u24E7\\uFF58\\u1E8B\\u1E8D]","y":"[\\u0079\\u24E8\\uFF59\\u1EF3\\u00FD\\u0177\\u1EF9\\u0233\\u1E8F\\u00FF\\u1EF7\\u1E99\\u1EF5\\u01B4\\u024F\\u1EFF]","z":"[\\u007A\\u24E9\\uFF5A\\u017A\\u1E91\\u017C\\u017E\\u1E93\\u1E95\\u01B6\\u0225\\u0240\\u2C6C\\uA763]"},"researchesTests":["contentHasTOC","contentHasShortParagraphs","contentHasAssets","keywordInTitle","keywordInMetaDescription","keywordInPermalink","keywordIn10Percent","keywordInContent","keywordInSubheadings","keywordInImageAlt","keywordDensity","keywordNotUsed","lengthContent","lengthPermalink","linksHasInternal","linksHasExternals","linksNotAllExternals","titleStartWithKeyword","titleSentiment","titleHasPowerWords","titleHasNumber","hasContentAI"],"hasRedirection":true,"hasBreadcrumb":false},"homeUrl":"https:\/\/awenvis.com\/fr\/","objectID":4019,"objectType":"post","locale":"fr","localeFull":"fr_FR","overlayImages":{"play":{"name":"Ic\u00f4ne de lecture","url":"https:\/\/awenvis.com\/wp-content\/plugins\/seo-by-rank-math\/assets\/admin\/img\/icon-play.png","path":"\/home\/srv70839\/domains\/awenvis.com\/private_html\/wp-content\/plugins\/seo-by-rank-math\/assets\/admin\/img\/icon-play.png","position":"middle_center"},"gif":{"name":"Ic\u00f4ne GIF","url":"https:\/\/awenvis.com\/wp-content\/plugins\/seo-by-rank-math\/assets\/admin\/img\/icon-gif.png","path":"\/home\/srv70839\/domains\/awenvis.com\/private_html\/wp-content\/plugins\/seo-by-rank-math\/assets\/admin\/img\/icon-gif.png","position":"middle_center"}},"defautOgImage":"https:\/\/awenvis.com\/wp-content\/plugins\/seo-by-rank-math\/assets\/admin\/img\/social-placeholder.jpg","customPermalinks":true,"isUserRegistered":false,"autoSuggestKeywords":false,"connectSiteUrl":"https:\/\/rankmath.com\/auth?site=https%3A%2F%2Fawenvis.com%2Ffr%2F&r=https%3A%2F%2Fawenvis.com%2Ffr%2Fwp-json%2Fwp%2Fv2%2Fpages%2F4019%3Fnonce%3D69bc37259d","maxTags":5,"trendsIcon":"<svg viewBox=\"0 0 610 610\"><path d=\"M18.85,446,174.32,290.48l58.08,58.08L76.93,504a14.54,14.54,0,0,1-20.55,0L18.83,466.48a14.54,14.54,0,0,1,0-20.55Z\" style=\"fill:#4285f4\"\/><path d=\"M242.65,242.66,377.59,377.6l-47.75,47.75a14.54,14.54,0,0,1-20.55,0L174.37,290.43l47.75-47.75A14.52,14.52,0,0,1,242.65,242.66Z\" style=\"fill:#ea4335\"\/><polygon points=\"319.53 319.53 479.26 159.8 537.34 217.88 377.61 377.62 319.53 319.53\" style=\"fill:#fabb05\"\/><path d=\"M594.26,262.73V118.61h0a16.94,16.94,0,0,0-16.94-16.94H433.2a16.94,16.94,0,0,0-12,28.92L565.34,274.71h0a16.94,16.94,0,0,0,28.92-12Z\" style=\"fill:#34a853\"\/><rect width=\"610\" height=\"610\" style=\"fill:none\"\/><\/svg>","showScore":true,"siteFavIcon":"https:\/\/awenvis.com\/wp-content\/uploads\/2025\/08\/cropped-favi-_2-32x32.png","canUser":{"general":false,"advanced":false,"snippet":false,"social":false,"analysis":false,"analytics":false,"content_ai":false},"showKeywordIntent":true,"isPro":false,"is_front_page":false,"trendsUpgradeLink":"https:\/\/rankmath.com\/pricing\/?utm_source=Plugin&utm_medium=CE%20General%20Tab%20Trends&utm_campaign=WP","trendsUpgradeLabel":"Mettre \u00e0 niveau","trendsPreviewImage":"https:\/\/awenvis.com\/wp-content\/plugins\/seo-by-rank-math\/assets\/admin\/img\/trends-preview.jpg","currentEditor":false,"homepageData":{"assessor":{"powerWords":["absolument","amazement","astonishing","authentique","beau","bien-\u00eatre","brillant","captivant","charismatique","choc","clair","compl\u00e8tement","confidentiel","confiance","cons\u00e9quent","cr\u00e9atif","d\u00e9finitivement","d\u00e9licieux","d\u00e9montrer","d\u00e9p\u00eachez-vous","d\u00e9termin\u00e9","digne","dynamique","\u00e9blouissant","\u00e9clatant","\u00e9conomique","\u00e9fficace","\u00e9l\u00e9gant","\u00e9motionnel","\u00e9nergique","\u00e9norme","\u00e9poustouflant","essentiel","\u00e9tonnant","exclusif","exp\u00e9rience","fabuleux","fantastique","formidable","fort","garanti","g\u00e9ant","g\u00e9n\u00e9reux","grandiose","gratuit","habile","harmonieux","historique","hors pair","important","incroyable","indispensable","inoubliable","inspirant","innovant","intense","invention","irr\u00e9sistible","l\u00e9gendaire","lumineux","luxe","magique","magnifique","majestueux","marquant","merveilleux","miraculeux","motivant","n\u00e9cessaire","nouvelle","officiel","parfait","passionn\u00e9","persuasif","ph\u00e9nom\u00e9nal","plaisir","populaire","pouvoir","prestigieux","prodigieux","profond","prosp\u00e8re","puissant","qualit\u00e9","radieux","rapide","r\u00e9ussi","r\u00e9volutionnaire","satisfait","s\u00e9curit\u00e9","sensationnel","serein","somptueux","splendide","sublime","surprenant","talentueux","terrifiant","unique","valeur","vibrant","victorieux","vif","vraiment","z\u00e9l\u00e9"],"diacritics":true,"researchesTests":["contentHasTOC","contentHasShortParagraphs","contentHasAssets","keywordInTitle","keywordInMetaDescription","keywordInPermalink","keywordIn10Percent","keywordInContent","keywordInSubheadings","keywordInImageAlt","keywordDensity","keywordNotUsed","lengthContent","lengthPermalink","linksHasInternal","linksHasExternals","linksNotAllExternals","titleStartWithKeyword","titleSentiment","titleHasPowerWords","titleHasNumber","hasContentAI"],"hasBreadcrumb":false,"serpData":{"title":"%sitename% %page% %sep% %sitedesc%","description":"","titleTemplate":"%sitename% %page% %sep% %sitedesc%","descriptionTemplate":"","focusKeywords":"","breadcrumbTitle":"Home","robots":{"index":true},"advancedRobots":{"max-snippet":"-1","max-video-preview":"-1","max-image-preview":"large"},"facebookTitle":"","facebookDescription":"","facebookImage":"","facebookImageID":""}}},"tocTitle":"Table of Contents","tocExcludeHeadings":[],"listStyle":"ul"},"_links":{"self":[{"href":"https:\/\/awenvis.com\/fr\/wp-json\/wp\/v2\/pages\/4019","targetHints":{"allow":["GET"]}}],"collection":[{"href":"https:\/\/awenvis.com\/fr\/wp-json\/wp\/v2\/pages"}],"about":[{"href":"https:\/\/awenvis.com\/fr\/wp-json\/wp\/v2\/types\/page"}],"author":[{"embeddable":true,"href":"https:\/\/awenvis.com\/fr\/wp-json\/wp\/v2\/users\/1"}],"replies":[{"embeddable":true,"href":"https:\/\/awenvis.com\/fr\/wp-json\/wp\/v2\/comments?post=4019"}],"version-history":[{"count":1,"href":"https:\/\/awenvis.com\/fr\/wp-json\/wp\/v2\/pages\/4019\/revisions"}],"predecessor-version":[{"id":4020,"href":"https:\/\/awenvis.com\/fr\/wp-json\/wp\/v2\/pages\/4019\/revisions\/4020"}],"wp:attachment":[{"href":"https:\/\/awenvis.com\/fr\/wp-json\/wp\/v2\/media?parent=4019"}],"curies":[{"name":"wp","href":"https:\/\/api.w.org\/{rel}","templated":true}]}}